{"id":11932,"date":"2025-11-11T13:07:23","date_gmt":"2025-11-11T12:07:23","guid":{"rendered":"https:\/\/digitalisation.koenig-bauer.com\/?page_id=11932"},"modified":"2025-12-03T14:30:37","modified_gmt":"2025-12-03T13:30:37","slug":"agb","status":"publish","type":"page","link":"https:\/\/digitalisation.koenig-bauer.com\/en\/agb\/","title":{"rendered":"AGB myKyana"},"content":{"rendered":"\t\t<div data-elementor-type=\"wp-page\" data-elementor-id=\"11932\" class=\"elementor elementor-11932\" data-elementor-post-type=\"page\">\n\t\t\t\t\t\t<section class=\"elementor-section elementor-top-section elementor-element elementor-element-b41348d elementor-section-boxed elementor-section-height-default elementor-section-height-default\" data-id=\"b41348d\" data-element_type=\"section\" data-e-type=\"section\" data-settings=\"{&quot;jet_parallax_layout_list&quot;:[],&quot;background_background&quot;:&quot;classic&quot;}\">\n\t\t\t\t\t\t<div class=\"elementor-container elementor-column-gap-default\">\n\t\t\t\t\t<div class=\"elementor-column elementor-col-100 elementor-top-column elementor-element elementor-element-de7f7df\" data-id=\"de7f7df\" data-element_type=\"column\" data-e-type=\"column\">\n\t\t\t<div class=\"elementor-widget-wrap elementor-element-populated\">\n\t\t\t\t\t\t<div class=\"elementor-element elementor-element-b1d7dd3 elementor-widget elementor-widget-heading\" data-id=\"b1d7dd3\" data-element_type=\"widget\" data-e-type=\"widget\" id=\"topsection\" data-widget_type=\"heading.default\">\n\t\t\t\t<div class=\"elementor-widget-container\">\n\t\t\t\t\t<h3 class=\"elementor-heading-title elementor-size-default\">myKyana Gesch\u00e4ftsbedingungen<\/h3>\t\t\t\t<\/div>\n\t\t\t\t<\/div>\n\t\t\t\t<div class=\"elementor-element elementor-element-51c04cf elementor-widget elementor-widget-text-editor\" data-id=\"51c04cf\" data-element_type=\"widget\" data-e-type=\"widget\" data-widget_type=\"text-editor.default\">\n\t\t\t\t<div class=\"elementor-widget-container\">\n\t\t\t\t\t\t\t\t\t<p><span style=\"background-color: var( --e-global-color-3a5f848 ); font-size: 24px;\">\u00a0<\/span><\/p><p><span style=\"background-color: var( --e-global-color-3a5f848 ); font-size: 24px;\">Die Nutzung des myKyana-\u00d6kosystems unterliegt den folgenden Bedingungen:<\/span><\/p><ul><li><h5><a href=\"https:\/\/digitalisation.koenig-bauer.com\/wp-content\/uploads\/2025\/11\/241101_myKyana_de_Dienste-AGB-2.pdf-2.pdf\"><span style=\"background-color: var( --e-global-color-3a5f848 );\">Allgemeine Gesch\u00e4ftsbedingungen f\u00fcr die Nutzung von myKyana-Diensten<\/span><\/a><\/h5><\/li><\/ul><h5>\u00a0<\/h5><ul><li><h5><a href=\"https:\/\/digitalisation.koenig-bauer.com\/wp-content\/uploads\/2025\/11\/241101_myKyana_de_Plattform-AGB-2.pdf\">Allgemeine Rahmenbedingungen<\/a><a href=\"https:\/\/digitalisation.koenig-bauer.com\/wp-content\/uploads\/2025\/11\/241101_myKyana_de_Plattform-AGB-2.pdf\">\u00a0zur Nutzung der myKyana-Plattform<\/a><\/h5><\/li><\/ul><h5>\u00a0<\/h5><ul><li><h5><a href=\"https:\/\/digitalisation.koenig-bauer.com\/wp-content\/uploads\/2025\/11\/241101_myKyana_de_Anhang_Exportkontrolle-4.pdf\">Anhang zu Ziffer 3.3 &#8220;Exportkontrollvorbehalt und Wiederausfuhr&#8221;<\/a><\/h5><\/li><\/ul>\t\t\t\t\t\t\t\t<\/div>\n\t\t\t\t<\/div>\n\t\t\t\t\t<\/div>\n\t\t<\/div>\n\t\t\t\t\t<\/div>\n\t\t<\/section>\n\t\t\t\t<\/div>\n\t\t","protected":false},"excerpt":{"rendered":"<p>myKyana Gesch\u00e4ftsbedingungen \u00a0 Die Nutzung des myKyana-\u00d6kosystems unterliegt den folgenden Bedingungen: Allgemeine Gesch\u00e4ftsbedingungen f\u00fcr die Nutzung von myKyana-Diensten \u00a0 Allgemeine Rahmenbedingungen\u00a0zur Nutzung der myKyana-Plattform \u00a0 Anhang zu Ziffer 3.3 &#8220;Exportkontrollvorbehalt und Wiederausfuhr&#8221;<\/p>\n","protected":false},"author":8,"featured_media":0,"parent":0,"menu_order":0,"comment_status":"closed","ping_status":"closed","template":"","meta":{"footnotes":""},"class_list":["post-11932","page","type-page","status-publish","hentry"],"_links":{"self":[{"href":"https:\/\/digitalisation.koenig-bauer.com\/en\/wp-json\/wp\/v2\/pages\/11932","targetHints":{"allow":["GET"]}}],"collection":[{"href":"https:\/\/digitalisation.koenig-bauer.com\/en\/wp-json\/wp\/v2\/pages"}],"about":[{"href":"https:\/\/digitalisation.koenig-bauer.com\/en\/wp-json\/wp\/v2\/types\/page"}],"author":[{"embeddable":true,"href":"https:\/\/digitalisation.koenig-bauer.com\/en\/wp-json\/wp\/v2\/users\/8"}],"replies":[{"embeddable":true,"href":"https:\/\/digitalisation.koenig-bauer.com\/en\/wp-json\/wp\/v2\/comments?post=11932"}],"version-history":[{"count":4,"href":"https:\/\/digitalisation.koenig-bauer.com\/en\/wp-json\/wp\/v2\/pages\/11932\/revisions"}],"predecessor-version":[{"id":11963,"href":"https:\/\/digitalisation.koenig-bauer.com\/en\/wp-json\/wp\/v2\/pages\/11932\/revisions\/11963"}],"wp:attachment":[{"href":"https:\/\/digitalisation.koenig-bauer.com\/en\/wp-json\/wp\/v2\/media?parent=11932"}],"curies":[{"name":"wp","href":"https:\/\/api.w.org\/{rel}","templated":true}]}}